{"id":106,"date":"2023-07-25T10:17:55","date_gmt":"2023-07-25T10:17:55","guid":{"rendered":"http:\/\/nikel.av.tr\/?page_id=106"},"modified":"2023-07-25T11:58:51","modified_gmt":"2023-07-25T11:58:51","slug":"anasayfa-2","status":"publish","type":"page","link":"http:\/\/nikel.av.tr\/","title":{"rendered":"ANASAYFA"},"content":{"rendered":"\n<h2 class=\"wp-block-heading\">Nikel Hukuk | Arabuluculuk B\u00fcrosu<\/h2>\n\n\n\n<p>Olarak ihtiya\u00e7 duydu\u011funuz her t\u00fcrl\u00fc hukuki destek i\u00e7in buraday\u0131z. <\/p>\n\n\n\n<p class=\"has-text-align-right\"><strong>&#8220;Medeniyetin ilk \u015fart\u0131 adalettir. &#8220;<\/strong><br>                            <span style=\"font-size: revert; color: initial; font-family: -apple-system, BlinkMacSystemFont, &quot;Segoe UI&quot;, Roboto, Oxygen-Sans, Ubuntu, Cantarell, &quot;Helvetica Neue&quot;, sans-serif;\"><em>Sigmund Freud<\/em> <\/span> <\/p>\n\n\n\n<div style=\"height:65px\" aria-hidden=\"true\" class=\"wp-block-spacer\"><\/div>\n\n\n\n<div class=\"wp-block-columns is-layout-flex wp-container-core-columns-is-layout-9d6595d7 wp-block-columns-is-layout-flex\">\n<div class=\"wp-block-column is-layout-flow wp-block-column-is-layout-flow\" style=\"flex-basis:100%\">\n<div class=\"wp-block-group\"><div class=\"wp-block-group__inner-container is-layout-constrained wp-block-group-is-layout-constrained\"><ul class=\"wp-block-latest-posts__list wp-block-latest-posts\"><li><a class=\"wp-block-latest-posts__post-title\" href=\"http:\/\/nikel.av.tr\/?p=191\">\u0130\u015e S\u00d6ZLE\u015eMES\u0130 FES\u0130HLER\u0130NDE DAMGA VERG\u0130S\u0130<\/a><\/li>\n<li><a class=\"wp-block-latest-posts__post-title\" href=\"http:\/\/nikel.av.tr\/?p=189\">K\u0130RA BEDEL\u0130N\u0130N TESP\u0130T\u0130 DAVASI<\/a><\/li>\n<li><a class=\"wp-block-latest-posts__post-title\" href=\"http:\/\/nikel.av.tr\/?p=185\">Avukatl\u0131k Asgari \u00dccret Tarifesi G\u00fcncellendi<\/a><\/li>\n<li><a class=\"wp-block-latest-posts__post-title\" href=\"http:\/\/nikel.av.tr\/?p=181\">G\u00dcVENL\u0130 \u00d6DEME S\u0130STEM\u0130 ZORUNLU OLUYOR<\/a><\/li>\n<li><a class=\"wp-block-latest-posts__post-title\" href=\"http:\/\/nikel.av.tr\/?p=176\">ARABULUCULUKTA B\u00dcY\u00dcK BA\u015eARI<\/a><\/li>\n<\/ul><\/div><\/div>\n<\/div>\n<\/div>\n\n\n\n<p><\/p>\n","protected":false},"excerpt":{"rendered":"<p>Nikel Hukuk | Arabuluculuk B\u00fcrosu Olarak ihtiya\u00e7 duydu\u011funuz her t\u00fcrl\u00fc hukuki destek i\u00e7in buraday\u0131z. &#8220;Medeniyetin ilk \u015fart\u0131 adalettir. &#8220; Sigmund Freud <a href=\"http:\/\/nikel.av.tr\/\" class=\"more-link\">Okumaya devam et <span class=\"screen-reader-text\">ANASAYFA<\/span><\/a><\/p>\n","protected":false},"author":1,"featured_media":0,"parent":0,"menu_order":0,"comment_status":"closed","ping_status":"closed","template":"","meta":{"footnotes":""},"class_list":["post-106","page","type-page","status-publish","hentry"],"_links":{"self":[{"href":"http:\/\/nikel.av.tr\/index.php?rest_route=\/wp\/v2\/pages\/106","targetHints":{"allow":["GET"]}}],"collection":[{"href":"http:\/\/nikel.av.tr\/index.php?rest_route=\/wp\/v2\/pages"}],"about":[{"href":"http:\/\/nikel.av.tr\/index.php?rest_route=\/wp\/v2\/types\/page"}],"author":[{"embeddable":true,"href":"http:\/\/nikel.av.tr\/index.php?rest_route=\/wp\/v2\/users\/1"}],"replies":[{"embeddable":true,"href":"http:\/\/nikel.av.tr\/index.php?rest_route=%2Fwp%2Fv2%2Fcomments&post=106"}],"version-history":[{"count":10,"href":"http:\/\/nikel.av.tr\/index.php?rest_route=\/wp\/v2\/pages\/106\/revisions"}],"predecessor-version":[{"id":127,"href":"http:\/\/nikel.av.tr\/index.php?rest_route=\/wp\/v2\/pages\/106\/revisions\/127"}],"wp:attachment":[{"href":"http:\/\/nikel.av.tr\/index.php?rest_route=%2Fwp%2Fv2%2Fmedia&parent=106"}],"curies":[{"name":"wp","href":"https:\/\/api.w.org\/{rel}","templated":true}]}}